{"id":121,"date":"2023-04-05T22:42:18","date_gmt":"2023-04-05T20:42:18","guid":{"rendered":"https:\/\/www.ksg-badminton.de\/Badminton\/?page_id=121"},"modified":"2026-03-20T21:36:50","modified_gmt":"2026-03-20T20:36:50","slug":"trainingszeiten","status":"publish","type":"page","link":"https:\/\/www.ksg-badminton.de\/Badminton\/trainingszeiten\/","title":{"rendered":"Trainingszeiten"},"content":{"rendered":"\n<p class=\"has-text-align-right\">g\u00fcltig ab <strong>22.09.2025<\/strong><\/p>\n\n\n\n<figure class=\"wp-block-table is-style-stripes\"><table><tbody><tr><td><\/td><td><strong>Dienstag<\/strong><br>(<a rel=\"noreferrer noopener\" href=\"https:\/\/maps.google.de\/maps\/ms?msid=211504993152041657354.000442f8435f82b9b33a5&amp;msa=0&amp;ll=48.796044,9.059472&amp;spn=0.001905,0.004823&amp;iwloc=000442f84a14a72c42cab\" target=\"_blank\">Br\u00fcckentorhalle<\/a>)<\/td><td><strong>Mittwoch<\/strong><br>(<a rel=\"noreferrer noopener\" href=\"https:\/\/maps.google.de\/maps\/ms?msid=211504993152041657354.000442f8435f82b9b33a5&amp;msa=0&amp;ll=48.796044,9.059472&amp;spn=0.001905,0.004823&amp;iwloc=000442f84a14a72c42cab\" target=\"_blank\">Br\u00fcckentorhalle<\/a>)<\/td><td><strong>Freitag<\/strong><br>(<a rel=\"noreferrer noopener\" href=\"https:\/\/maps.google.de\/maps\/ms?msid=211504993152041657354.000442f8435f82b9b33a5&amp;msa=0&amp;ll=48.796044,9.059472&amp;spn=0.001905,0.004823&amp;iwloc=000442f84a14a72c42cab\" target=\"_blank\">Br\u00fcckentorhalle<\/a>)<\/td><\/tr><tr><td><strong>Sch\u00fcler\/Jugend<\/strong><br>Anf\u00e4nger, Einsteiger<\/td><td><\/td><td><\/td><td><strong>17.30 &#8211; 18.45<\/strong><\/td><\/tr><tr><td><strong>Sch\u00fcler<\/strong><br>Fortgeschrittene<\/td><td><strong>17.30 &#8211; 18.45<\/strong><\/td><td><\/td><td><\/td><\/tr><tr><td><strong>Jugend<\/strong><br>Fortgeschrittene<\/td><td><strong>18.45 &#8211; 20.00<\/strong><\/td><td><\/td><td><strong>18.45 &#8211; 20.15<\/strong><\/td><\/tr><tr><td><strong>Erwachsene<\/strong><br>Mannschaft 1 &amp; 2<\/td><td><\/td><td><strong>19.30 &#8211; 21.45<\/strong><\/td><td><strong>20.15 &#8211; 22.00<\/strong><\/td><\/tr><tr><td><strong>Erwachsene<\/strong><br>Hobbyspieler<\/td><td><\/td><td><strong>20.15 &#8211; 21.45<\/strong><\/td><td><strong>20.15 &#8211; 22.00<\/strong><\/td><\/tr><\/tbody><\/table><\/figure>\n\n\n\n<p><em>Sch\u00fcler und Jugendliche, die mit dem Badminton anfangen m\u00f6chten, starten Freitags in der Einsteiger- und Anf\u00e4ngergruppe um 17.30 Uhr.<\/em><br><em>Als ideales Einstiegsalter sehen wir Kinder zwischen 8-10 Jahren.<\/em><br><em>Da Badminton&nbsp;in den Bewegungsabl\u00e4ufen sehr anspruchsvoll ist, empfehlen wir, dass die Kinder schon zielgerichtet einen Ball werfen und auch fangen k\u00f6nnen.<\/em><\/p>\n\n\n\n<p><em>Termine f\u00fcr ein Schnuppertraining bitte \u00fcber den <\/em><a href=\"http:\/\/ksg-badminton.de\/Kontakt\/Kontakt_abteilungsleiter.php\">Abteilungsleiter<\/a><em> erfragen.<\/em><br><em>Leihschl\u00e4ger k\u00f6nnen zu Beginn gestellt werden.<\/em><\/p>\n\n\n\n<p><\/p>\n","protected":false},"excerpt":{"rendered":"<p>g\u00fcltig ab 22.09.2025 Dienstag(Br\u00fcckentorhalle) Mittwoch(Br\u00fcckentorhalle) Freitag(Br\u00fcckentorhalle) Sch\u00fcler\/JugendAnf\u00e4nger, Einsteiger 17.30 &#8211; 18.45 Sch\u00fclerFortgeschrittene 17.30 &#8211; 18.45 JugendFortgeschrittene 18.45 &#8211; 20.00 18.45 &#8211; 20.15 ErwachseneMannschaft 1 &amp; 2 19.30 &#8211; 21.45 20.15 &#8211; 22.00 ErwachseneHobbyspieler 20.15 &#8211; 21.45 20.15 &#8211; 22.00 Sch\u00fcler und Jugendliche, die mit dem Badminton anfangen m\u00f6chten, starten Freitags&#8230;<\/p>\n","protected":false},"author":1,"featured_media":0,"parent":0,"menu_order":0,"comment_status":"closed","ping_status":"closed","template":"","meta":{"footnotes":""},"ppma_author":[13],"class_list":["post-121","page","type-page","status-publish","hentry"],"_links":{"self":[{"href":"https:\/\/www.ksg-badminton.de\/Badminton\/wp-json\/wp\/v2\/pages\/121","targetHints":{"allow":["GET"]}}],"collection":[{"href":"https:\/\/www.ksg-badminton.de\/Badminton\/wp-json\/wp\/v2\/pages"}],"about":[{"href":"https:\/\/www.ksg-badminton.de\/Badminton\/wp-json\/wp\/v2\/types\/page"}],"author":[{"embeddable":true,"href":"https:\/\/www.ksg-badminton.de\/Badminton\/wp-json\/wp\/v2\/users\/1"}],"replies":[{"embeddable":true,"href":"https:\/\/www.ksg-badminton.de\/Badminton\/wp-json\/wp\/v2\/comments?post=121"}],"version-history":[{"count":12,"href":"https:\/\/www.ksg-badminton.de\/Badminton\/wp-json\/wp\/v2\/pages\/121\/revisions"}],"predecessor-version":[{"id":1074,"href":"https:\/\/www.ksg-badminton.de\/Badminton\/wp-json\/wp\/v2\/pages\/121\/revisions\/1074"}],"wp:attachment":[{"href":"https:\/\/www.ksg-badminton.de\/Badminton\/wp-json\/wp\/v2\/media?parent=121"}],"wp:term":[{"taxonomy":"author","embeddable":true,"href":"https:\/\/www.ksg-badminton.de\/Badminton\/wp-json\/wp\/v2\/ppma_author?post=121"}],"curies":[{"name":"wp","href":"https:\/\/api.w.org\/{rel}","templated":true}]}}