{"id":12,"date":"2023-03-31T20:47:11","date_gmt":"2023-03-31T18:47:11","guid":{"rendered":"https:\/\/www.ksg-badminton.de\/Badminton\/?page_id=12"},"modified":"2023-04-07T21:30:49","modified_gmt":"2023-04-07T19:30:49","slug":"news","status":"publish","type":"page","link":"https:\/\/www.ksg-badminton.de\/Badminton\/","title":{"rendered":"News"},"content":{"rendered":"\n<div class=\"wp-block-columns is-layout-flex wp-container-core-columns-is-layout-9d6595d7 wp-block-columns-is-layout-flex\">\n<div class=\"wp-block-column is-layout-flow wp-block-column-is-layout-flow\" style=\"flex-basis:66.66%\">\n<div class=\"wp-block-query is-layout-flow wp-block-query-is-layout-flow\">\n<h2 class=\"wp-block-heading\">Aktuelle Berichte<\/h2>\n\n\n<ul class=\"wp-block-post-template is-layout-flow wp-block-post-template-is-layout-flow\"><li class=\"wp-block-post post-1115 post type-post status-publish format-standard has-post-thumbnail hentry category-42 category-berichte\">\n<div class=\"wp-block-post-date has-medium-font-size\"><time datetime=\"2026-04-25T18:21:47+02:00\">25. April 2026<\/time><\/div>\n\n<h2 class=\"wp-block-post-title has-medium-font-size\"><a href=\"https:\/\/www.ksg-badminton.de\/Badminton\/2026\/04\/25\/3-c-rlt-der-jugend-in-moessingen-2\/\" target=\"_self\" >3. C-RLT der Jugend in M\u00f6ssingen<\/a><\/h2>\n\n<figure class=\"alignwide wp-block-post-featured-image\"><a href=\"https:\/\/www.ksg-badminton.de\/Badminton\/2026\/04\/25\/3-c-rlt-der-jugend-in-moessingen-2\/\" target=\"_self\"  ><img loading=\"lazy\" decoding=\"async\" width=\"600\" height=\"250\" src=\"https:\/\/www.ksg-badminton.de\/Badminton\/wp-content\/uploads\/2026\/04\/20260425_jug_c-rlt.jpg\" class=\"attachment-post-thumbnail size-post-thumbnail wp-post-image\" alt=\"3. C-RLT der Jugend in M\u00f6ssingen\" style=\"object-fit:cover;\" srcset=\"https:\/\/www.ksg-badminton.de\/Badminton\/wp-content\/uploads\/2026\/04\/20260425_jug_c-rlt.jpg 600w, https:\/\/www.ksg-badminton.de\/Badminton\/wp-content\/uploads\/2026\/04\/20260425_jug_c-rlt-300x125.jpg 300w\" sizes=\"auto, (max-width: 600px) 100vw, 600px\" \/><\/a><\/figure>\n\n<div class=\"wp-block-post-excerpt\"><p class=\"wp-block-post-excerpt__excerpt\">Am 25. April 2026 ging unser Nachwuchsspieler Kai Widera beim C-Ranglistenturnier in M\u00f6ssingen in der Disziplin Jungen U11 an den Start. F\u00fcr ihn war es die erste Teilnahme auf diesem Niveau \u2013 entsprechend gro\u00df war bei ihm die Anspannung vor dem Turnier . Das Starterfeld bestand aus f\u00fcnf Teilnehmern, die<\/p><p class=\"wp-block-post-excerpt__more-text\"><a class=\"wp-block-post-excerpt__more-link\" href=\"https:\/\/www.ksg-badminton.de\/Badminton\/2026\/04\/25\/3-c-rlt-der-jugend-in-moessingen-2\/\">&#8220; weiterlesen &#8222;<\/a><\/p><\/div>\n\n\n<hr class=\"wp-block-separator has-css-opacity\"\/>\n\n<\/li><li class=\"wp-block-post post-1105 post type-post status-publish format-standard has-post-thumbnail hentry category-42 category-berichte\">\n<div class=\"wp-block-post-date has-medium-font-size\"><time datetime=\"2026-04-19T13:51:51+02:00\">19. April 2026<\/time><\/div>\n\n<h2 class=\"wp-block-post-title has-medium-font-size\"><a href=\"https:\/\/www.ksg-badminton.de\/Badminton\/2026\/04\/19\/e-ranglistenturnier-der-jugend-in-gerlingen\/\" target=\"_self\" >3. E-RLT der Jugend in Gerlingen<\/a><\/h2>\n\n<figure class=\"alignwide wp-block-post-featured-image\"><a href=\"https:\/\/www.ksg-badminton.de\/Badminton\/2026\/04\/19\/e-ranglistenturnier-der-jugend-in-gerlingen\/\" target=\"_self\"  ><img loading=\"lazy\" decoding=\"async\" width=\"600\" height=\"250\" src=\"https:\/\/www.ksg-badminton.de\/Badminton\/wp-content\/uploads\/2026\/04\/20260418_jug_e-rlt.jpg\" class=\"attachment-post-thumbnail size-post-thumbnail wp-post-image\" alt=\"3. E-RLT der Jugend in Gerlingen\" style=\"object-fit:cover;\" srcset=\"https:\/\/www.ksg-badminton.de\/Badminton\/wp-content\/uploads\/2026\/04\/20260418_jug_e-rlt.jpg 600w, https:\/\/www.ksg-badminton.de\/Badminton\/wp-content\/uploads\/2026\/04\/20260418_jug_e-rlt-300x125.jpg 300w\" sizes=\"auto, (max-width: 600px) 100vw, 600px\" \/><\/a><\/figure>\n\n<div class=\"wp-block-post-excerpt\"><p class=\"wp-block-post-excerpt__excerpt\">Am 18. April 2026 richteten wir in Gerlingen das 3. E-Ranglistenturnier aus. F\u00fcr einen reibungslosen Turnierverlauf sorgte unser Organisationsteam, dass viele Helferinnen und Helfer in der Turnierleitung, in der K\u00fcche und beim Auf- und Abbau hatte. Auch f\u00fcr die zahlreichen Kuchen- und Salatspenden bedanken wir uns sehr. Mit rund 160<\/p><p class=\"wp-block-post-excerpt__more-text\"><a class=\"wp-block-post-excerpt__more-link\" href=\"https:\/\/www.ksg-badminton.de\/Badminton\/2026\/04\/19\/e-ranglistenturnier-der-jugend-in-gerlingen\/\">&#8220; weiterlesen &#8222;<\/a><\/p><\/div>\n\n\n<hr class=\"wp-block-separator has-css-opacity\"\/>\n\n<\/li><li class=\"wp-block-post post-1076 post type-post status-publish format-standard has-post-thumbnail hentry category-42 category-berichte\">\n<div class=\"wp-block-post-date has-medium-font-size\"><time datetime=\"2026-03-21T23:46:48+01:00\">21. M\u00e4rz 2026<\/time><\/div>\n\n<h2 class=\"wp-block-post-title has-medium-font-size\"><a href=\"https:\/\/www.ksg-badminton.de\/Badminton\/2026\/03\/21\/8-mannschaftsspieltag-5\/\" target=\"_self\" >8. Mannschaftsspieltag<\/a><\/h2>\n\n<figure class=\"alignwide wp-block-post-featured-image\"><a href=\"https:\/\/www.ksg-badminton.de\/Badminton\/2026\/03\/21\/8-mannschaftsspieltag-5\/\" target=\"_self\"  ><img loading=\"lazy\" decoding=\"async\" width=\"600\" height=\"250\" src=\"https:\/\/www.ksg-badminton.de\/Badminton\/wp-content\/uploads\/2024\/10\/Mannschaftsspieltag.jpg\" class=\"attachment-post-thumbnail size-post-thumbnail wp-post-image\" alt=\"8. Mannschaftsspieltag\" style=\"object-fit:cover;\" srcset=\"https:\/\/www.ksg-badminton.de\/Badminton\/wp-content\/uploads\/2024\/10\/Mannschaftsspieltag.jpg 600w, https:\/\/www.ksg-badminton.de\/Badminton\/wp-content\/uploads\/2024\/10\/Mannschaftsspieltag-300x125.jpg 300w\" sizes=\"auto, (max-width: 600px) 100vw, 600px\" \/><\/a><\/figure>\n\n<div class=\"wp-block-post-excerpt\"><p class=\"wp-block-post-excerpt__excerpt\">1. Mannschaft 2. Mannschaft Saisonabschluss ohne Druck Am 21. M\u00e4rz 2026 stand f\u00fcr die KSG Gerlingen der letzte Spieltag der Saison auf dem Programm. Nach der bereits vorzeitig gesicherten Meisterschaft und dem damit verbundenen Wiederaufstieg in die Baden-W\u00fcrttemberg-Liga konnte das Team entspannt in den Heimspieltag gehen. Die urspr\u00fcnglich angesetzte Vormittagspartie<\/p><p class=\"wp-block-post-excerpt__more-text\"><a class=\"wp-block-post-excerpt__more-link\" href=\"https:\/\/www.ksg-badminton.de\/Badminton\/2026\/03\/21\/8-mannschaftsspieltag-5\/\">&#8220; weiterlesen &#8222;<\/a><\/p><\/div>\n\n\n<hr class=\"wp-block-separator has-css-opacity\"\/>\n\n<\/li><li class=\"wp-block-post post-1071 post type-post status-publish format-standard has-post-thumbnail hentry category-42 category-berichte\">\n<div class=\"wp-block-post-date has-medium-font-size\"><time datetime=\"2026-03-17T16:53:21+01:00\">17. M\u00e4rz 2026<\/time><\/div>\n\n<h2 class=\"wp-block-post-title has-medium-font-size\"><a href=\"https:\/\/www.ksg-badminton.de\/Badminton\/2026\/03\/17\/1-d-ranglistenturnier-der-jugend-in-kleiningersheim\/\" target=\"_self\" >1. D-Ranglistenturnier der Jugend in Kleiningersheim<\/a><\/h2>\n\n<figure class=\"alignwide wp-block-post-featured-image\"><a href=\"https:\/\/www.ksg-badminton.de\/Badminton\/2026\/03\/17\/1-d-ranglistenturnier-der-jugend-in-kleiningersheim\/\" target=\"_self\"  ><img loading=\"lazy\" decoding=\"async\" width=\"600\" height=\"250\" src=\"https:\/\/www.ksg-badminton.de\/Badminton\/wp-content\/uploads\/2026\/03\/20260315_jug_d-rlt.jpg\" class=\"attachment-post-thumbnail size-post-thumbnail wp-post-image\" alt=\"1. D-Ranglistenturnier der Jugend in Kleiningersheim\" style=\"object-fit:cover;\" srcset=\"https:\/\/www.ksg-badminton.de\/Badminton\/wp-content\/uploads\/2026\/03\/20260315_jug_d-rlt.jpg 600w, https:\/\/www.ksg-badminton.de\/Badminton\/wp-content\/uploads\/2026\/03\/20260315_jug_d-rlt-300x125.jpg 300w\" sizes=\"auto, (max-width: 600px) 100vw, 600px\" \/><\/a><\/figure>\n\n<div class=\"wp-block-post-excerpt\"><p class=\"wp-block-post-excerpt__excerpt\">Am 14.\/15.03.2026 fand in Kleiningersheim das 1. D-Ranglistenturnier statt. Am Samstag spielten die j\u00fcngeren Altersklassen und wir hatten mit Kai Widera (U11) einen Spieler am Start. Am Sonntag traten dann Jessica Knobloch (U19) und Simon Nieder (U19) an. Kai spielte bei 10 Teilnehmern direkt im Hauptfeld und musste in der<\/p><p class=\"wp-block-post-excerpt__more-text\"><a class=\"wp-block-post-excerpt__more-link\" href=\"https:\/\/www.ksg-badminton.de\/Badminton\/2026\/03\/17\/1-d-ranglistenturnier-der-jugend-in-kleiningersheim\/\">&#8220; weiterlesen &#8222;<\/a><\/p><\/div>\n\n\n<hr class=\"wp-block-separator has-css-opacity\"\/>\n\n<\/li><li class=\"wp-block-post post-1055 post type-post status-publish format-standard has-post-thumbnail hentry category-42 category-berichte\">\n<div class=\"wp-block-post-date has-medium-font-size\"><time datetime=\"2026-03-07T21:59:39+01:00\">7. M\u00e4rz 2026<\/time><\/div>\n\n<h2 class=\"wp-block-post-title has-medium-font-size\"><a href=\"https:\/\/www.ksg-badminton.de\/Badminton\/2026\/03\/07\/7-mannschaftsspieltag-3\/\" target=\"_self\" >7. Mannschaftsspieltag<\/a><\/h2>\n\n<figure class=\"alignwide wp-block-post-featured-image\"><a href=\"https:\/\/www.ksg-badminton.de\/Badminton\/2026\/03\/07\/7-mannschaftsspieltag-3\/\" target=\"_self\"  ><img loading=\"lazy\" decoding=\"async\" width=\"600\" height=\"250\" src=\"https:\/\/www.ksg-badminton.de\/Badminton\/wp-content\/uploads\/2024\/10\/Mannschaftsspieltag.jpg\" class=\"attachment-post-thumbnail size-post-thumbnail wp-post-image\" alt=\"7. Mannschaftsspieltag\" style=\"object-fit:cover;\" srcset=\"https:\/\/www.ksg-badminton.de\/Badminton\/wp-content\/uploads\/2024\/10\/Mannschaftsspieltag.jpg 600w, https:\/\/www.ksg-badminton.de\/Badminton\/wp-content\/uploads\/2024\/10\/Mannschaftsspieltag-300x125.jpg 300w\" sizes=\"auto, (max-width: 600px) 100vw, 600px\" \/><\/a><\/figure>\n\n<div class=\"wp-block-post-excerpt\"><p class=\"wp-block-post-excerpt__excerpt\">1. Mannschaft 2. Mannschaft KSG Gerlingen kr\u00f6nt starke Saison mit Meistertitel und Aufstieg Am vorletzten Spieltag der W\u00fcrttemberg-Liga empfing die KSG Gerlingen am 7. M\u00e4rz 2026 die Teams der TSG S\u00f6flingen und der SG Dornstadt\/Laupheim in heimischer Halle. Mit zwei weiteren Siegen setzte die Mannschaft ihre beeindruckende Saison fort \u2013<\/p><p class=\"wp-block-post-excerpt__more-text\"><a class=\"wp-block-post-excerpt__more-link\" href=\"https:\/\/www.ksg-badminton.de\/Badminton\/2026\/03\/07\/7-mannschaftsspieltag-3\/\">&#8220; weiterlesen &#8222;<\/a><\/p><\/div>\n\n\n<hr class=\"wp-block-separator has-css-opacity\"\/>\n\n<\/li><\/ul><\/div>\n<\/div>\n\n\n\n<div class=\"wp-block-column is-layout-flow wp-block-column-is-layout-flow\" style=\"flex-basis:33.33%\">\n<h3 class=\"wp-block-heading\">Trainingsausf\u00e4lle \/ \u00c4nderungen<\/h3>\n\n\n\n<iframe loading=\"lazy\" src=\"https:\/\/calendar.google.com\/calendar\/embed?height=500&#038;wkst=2&#038;bgcolor=%23ffffff&#038;ctz=Europe%2FBerlin&#038;showNav=0&#038;showPrint=0&#038;showTabs=0&#038;showCalendars=0&#038;mode=AGENDA&#038;showTz=1&#038;showDate=0&#038;showTitle=0&#038;src=NmIyYjI1MWUxMTJlNDEyN2MwODliYTMzZDk1YTEwMzE3YmY1YTA5MjFlZWJmNDZhMjEyMjJiM2M3NzFhODE5ZEBncm91cC5jYWxlbmRhci5nb29nbGUuY29t&#038;color=%23D50000\" style=\"border-width:0\" width=\"350\" height=\"300\" frameborder=\"0\" scrolling=\"no\"><\/iframe>\n\n\n\n<p><a href=\"https:\/\/www.ksg-badminton.de\/Badminton\/termine\/\" data-type=\"page\" data-id=\"174\">alle Termine<\/a><\/p>\n<\/div>\n<\/div>\n","protected":false},"excerpt":{"rendered":"<p>Trainingsausf\u00e4lle \/ \u00c4nderungen alle Termine<\/p>\n","protected":false},"author":1,"featured_media":0,"parent":0,"menu_order":0,"comment_status":"closed","ping_status":"closed","template":"","meta":{"footnotes":""},"ppma_author":[13],"class_list":["post-12","page","type-page","status-publish","hentry"],"_links":{"self":[{"href":"https:\/\/www.ksg-badminton.de\/Badminton\/wp-json\/wp\/v2\/pages\/12","targetHints":{"allow":["GET"]}}],"collection":[{"href":"https:\/\/www.ksg-badminton.de\/Badminton\/wp-json\/wp\/v2\/pages"}],"about":[{"href":"https:\/\/www.ksg-badminton.de\/Badminton\/wp-json\/wp\/v2\/types\/page"}],"author":[{"embeddable":true,"href":"https:\/\/www.ksg-badminton.de\/Badminton\/wp-json\/wp\/v2\/users\/1"}],"replies":[{"embeddable":true,"href":"https:\/\/www.ksg-badminton.de\/Badminton\/wp-json\/wp\/v2\/comments?post=12"}],"version-history":[{"count":16,"href":"https:\/\/www.ksg-badminton.de\/Badminton\/wp-json\/wp\/v2\/pages\/12\/revisions"}],"predecessor-version":[{"id":209,"href":"https:\/\/www.ksg-badminton.de\/Badminton\/wp-json\/wp\/v2\/pages\/12\/revisions\/209"}],"wp:attachment":[{"href":"https:\/\/www.ksg-badminton.de\/Badminton\/wp-json\/wp\/v2\/media?parent=12"}],"wp:term":[{"taxonomy":"author","embeddable":true,"href":"https:\/\/www.ksg-badminton.de\/Badminton\/wp-json\/wp\/v2\/ppma_author?post=12"}],"curies":[{"name":"wp","href":"https:\/\/api.w.org\/{rel}","templated":true}]}}