{"id":1084,"date":"2026-04-18T17:22:39","date_gmt":"2026-04-18T15:22:39","guid":{"rendered":"https:\/\/www.ksg-badminton.de\/Badminton\/?page_id=1084"},"modified":"2026-04-18T21:39:41","modified_gmt":"2026-04-18T19:39:41","slug":"siegerfotos-von-der-3-e-rlt-18-04-2026","status":"publish","type":"page","link":"https:\/\/www.ksg-badminton.de\/Badminton\/siegerfotos-von-der-3-e-rlt-18-04-2026\/","title":{"rendered":"Siegerfotos von der 3. E-RLT 18.04.2026"},"content":{"rendered":"\n<h2 class=\"wp-block-heading\"><\/h2>\n\n\n\n<p><a href=\"https:\/\/www.ksg-badminton.de\/Badminton\/wp-content\/uploads\/2026\/04\/20260418_ME_U11-scaled.jpg\" data-type=\"link\" data-id=\"https:\/\/www.ksg-badminton.de\/Badminton\/wp-content\/uploads\/2026\/04\/20260418_ME_U11-scaled.jpg\">M\u00e4dcheneinzel U11<\/a><\/p>\n\n\n\n<p><a href=\"https:\/\/www.ksg-badminton.de\/Badminton\/wp-content\/uploads\/2026\/04\/20260418_JE_U11-scaled.jpg\">Jungeneinzel U11<\/a><\/p>\n\n\n\n<p><a href=\"https:\/\/www.ksg-badminton.de\/Badminton\/wp-content\/uploads\/2026\/04\/20260418_ME_U13-scaled.jpg\" data-type=\"link\" data-id=\"https:\/\/www.ksg-badminton.de\/Badminton\/wp-content\/uploads\/2026\/04\/20260418_ME_U13-scaled.jpg\">M\u00e4dcheneinzel U13<\/a><\/p>\n\n\n\n<p><a href=\"https:\/\/www.ksg-badminton.de\/Badminton\/wp-content\/uploads\/2026\/04\/20260418_JE_U13-scaled.jpg\" data-type=\"link\" data-id=\"https:\/\/www.ksg-badminton.de\/Badminton\/wp-content\/uploads\/2026\/04\/20260418_JE_U13-scaled.jpg\">Jungeneinzel U13<\/a><\/p>\n\n\n\n<p><a href=\"https:\/\/www.ksg-badminton.de\/Badminton\/wp-content\/uploads\/2026\/04\/20260418_ME_U15-scaled.jpg\" data-type=\"link\" data-id=\"https:\/\/www.ksg-badminton.de\/Badminton\/wp-content\/uploads\/2026\/04\/20260418_ME_U15-scaled.jpg\">M\u00e4dcheneinzel U15<\/a><\/p>\n\n\n\n<p><a href=\"https:\/\/www.ksg-badminton.de\/Badminton\/wp-content\/uploads\/2026\/04\/20260418_JE_U15-scaled.jpg\">Jungeneinzel U15<\/a><\/p>\n\n\n\n<p><a href=\"https:\/\/www.ksg-badminton.de\/Badminton\/wp-content\/uploads\/2026\/04\/20260418_ME_U17-scaled.jpg\" data-type=\"link\" data-id=\"https:\/\/www.ksg-badminton.de\/Badminton\/wp-content\/uploads\/2026\/04\/20260418_ME_U17-scaled.jpg\">M\u00e4dcheneinzel U17<\/a><\/p>\n\n\n\n<p><a href=\"https:\/\/www.ksg-badminton.de\/Badminton\/wp-content\/uploads\/2026\/04\/20260418_JE_U17-scaled.jpg\" data-type=\"link\" data-id=\"https:\/\/www.ksg-badminton.de\/Badminton\/wp-content\/uploads\/2026\/04\/20260418_JE_U17-scaled.jpg\">Jungeneinzel U17<\/a><\/p>\n\n\n\n<p><a href=\"https:\/\/www.ksg-badminton.de\/Badminton\/wp-content\/uploads\/2026\/04\/20260418_ME_U19-scaled.jpg\" data-type=\"link\" data-id=\"https:\/\/www.ksg-badminton.de\/Badminton\/wp-content\/uploads\/2026\/04\/20260418_ME_U19-scaled.jpg\">M\u00e4dcheneinzel U19<\/a><\/p>\n\n\n\n<p><a href=\"https:\/\/www.ksg-badminton.de\/Badminton\/wp-content\/uploads\/2026\/04\/20260418_JE_U19-scaled.jpg\" data-type=\"link\" data-id=\"https:\/\/www.ksg-badminton.de\/Badminton\/wp-content\/uploads\/2026\/04\/20260418_JE_U19-scaled.jpg\">Jungeneinzel U19<\/a><\/p>\n\n\n\n<p><\/p>\n","protected":false},"excerpt":{"rendered":"<p>M\u00e4dcheneinzel U11 Jungeneinzel U11 M\u00e4dcheneinzel U13 Jungeneinzel U13 M\u00e4dcheneinzel U15 Jungeneinzel U15 M\u00e4dcheneinzel U17 Jungeneinzel U17 M\u00e4dcheneinzel U19 Jungeneinzel U19<\/p>\n","protected":false},"author":2,"featured_media":0,"parent":0,"menu_order":0,"comment_status":"closed","ping_status":"closed","template":"","meta":{"footnotes":""},"ppma_author":[20],"class_list":["post-1084","page","type-page","status-publish","hentry"],"_links":{"self":[{"href":"https:\/\/www.ksg-badminton.de\/Badminton\/wp-json\/wp\/v2\/pages\/1084","targetHints":{"allow":["GET"]}}],"collection":[{"href":"https:\/\/www.ksg-badminton.de\/Badminton\/wp-json\/wp\/v2\/pages"}],"about":[{"href":"https:\/\/www.ksg-badminton.de\/Badminton\/wp-json\/wp\/v2\/types\/page"}],"author":[{"embeddable":true,"href":"https:\/\/www.ksg-badminton.de\/Badminton\/wp-json\/wp\/v2\/users\/2"}],"replies":[{"embeddable":true,"href":"https:\/\/www.ksg-badminton.de\/Badminton\/wp-json\/wp\/v2\/comments?post=1084"}],"version-history":[{"count":5,"href":"https:\/\/www.ksg-badminton.de\/Badminton\/wp-json\/wp\/v2\/pages\/1084\/revisions"}],"predecessor-version":[{"id":1103,"href":"https:\/\/www.ksg-badminton.de\/Badminton\/wp-json\/wp\/v2\/pages\/1084\/revisions\/1103"}],"wp:attachment":[{"href":"https:\/\/www.ksg-badminton.de\/Badminton\/wp-json\/wp\/v2\/media?parent=1084"}],"wp:term":[{"taxonomy":"author","embeddable":true,"href":"https:\/\/www.ksg-badminton.de\/Badminton\/wp-json\/wp\/v2\/ppma_author?post=1084"}],"curies":[{"name":"wp","href":"https:\/\/api.w.org\/{rel}","templated":true}]}}