{"id":10,"date":"2023-03-31T20:46:29","date_gmt":"2023-03-31T18:46:29","guid":{"rendered":"https:\/\/www.ksg-badminton.de\/Badminton\/?page_id=10"},"modified":"2026-04-24T15:44:36","modified_gmt":"2026-04-24T13:44:36","slug":"impressum","status":"publish","type":"page","link":"https:\/\/www.ksg-badminton.de\/Badminton\/impressum\/","title":{"rendered":"Impressum"},"content":{"rendered":"\n<p>Inhaltlich Verantwortlicher gem\u00e4\u00df \u00a7 10 Absatz 3 MDStV:<\/p>\n\n\n\n<p><strong>Webmaster:<\/strong><\/p>\n\n\n\n<p>Tobias Schlo\u00dfmann<br>E-Mail: webmaster[at]ksg-badminton{punkt}de<br><br>Diese Webseite wird von der Abteilung Badminton der KSG Gerlingen betrieben.<br><br><strong>Abteilungsleiter:<\/strong><\/p>\n\n\n\n<p>Marcus Gall<br>E-Mail: abteilungsleitung[at]ksg-badminton{punkt}de<\/p>\n\n\n\n<p><strong>Vereinsanschrift:<\/strong><\/p>\n\n\n\n<p>KSG Gerlingen e.V.<br>Beim Br\u00fcckentor 21<br>70839 Gerlingen<br><br>Telefon und Fax +49 71 56-177 4976<br>E-Mail: info[at]ksg-gerlingen{punkt}de<br>Internet: www.ksg-gerlingen.de<br><br><strong>Vertretungsberechtigter Vorstand:<\/strong><\/p>\n\n\n\n<p>Sabine Wahl (1. Vorsitzende)<\/p>\n\n\n\n<p>Registergericht: Amtsgericht Stuttgart<br>Registernummer: VR 200687<\/p>\n\n\n\n<p>Datenschutzbeauftragter vom Geamtverein:<\/p>\n\n\n\n<p>Dipl.-Inf. Ulrich J. Beutenm\u00fcller<br>E-Mail: datenschutz[at]ksg-gerlingen{punkt}de<\/p>\n\n\n\n<p><br><br><strong>Haftungshinweis:<\/strong><\/p>\n\n\n\n<p>Trotz sorgf\u00e4ltiger inhaltlicher Kontrolle \u00fcbernehmen wir keine Haftung f\u00fcr die Inhalte externer Links. F\u00fcr den Inhalt der verlinkten Seiten sind ausschlie\u00dflich deren Betreiber verantwortlich.Mit Urteil vom 12.05.1998 -312 O 85\/98 &#8211; &#8222;Haftung f\u00fcr Links&#8220; hat das Landesgericht Hamburg entschieden, dass man ggf. f\u00fcr den Inhalt einer gelinkten Seite mit verantwortlich gemacht werden kann, es sei denn, man distanziert sich vom Inhalt dieser Seite. Hiermit distanzieren wir uns ausdr\u00fccklich von den Inhalten aller gelinkten Seiten auf unserer Homepage und machen uns diese Inhalte nicht zu eigen. Des weiteren gilt: Wir \u00fcbernehmen keinerlei Haftung oder Garantie f\u00fcr die Aktualit\u00e4t, Richtigkeit und\/oder Vollst\u00e4ndigkeit der auf dieser Website bereitgestellten Informationen. Dies gilt auch f\u00fcr alle Verbindungen (&#8222;Links&#8220;), auf die diese Website direkt oder indirekt verweist. Wir sind f\u00fcr den Inhalt einer Seite, die mit einem solchen Link erreicht wird, nicht verantwortlich.<\/p>\n","protected":false},"excerpt":{"rendered":"<p>Inhaltlich Verantwortlicher gem\u00e4\u00df \u00a7 10 Absatz 3 MDStV: Webmaster: Tobias Schlo\u00dfmannE-Mail: webmaster[at]ksg-badminton{punkt}de Diese Webseite wird von der Abteilung Badminton der KSG Gerlingen betrieben. Abteilungsleiter: Marcus GallE-Mail: abteilungsleitung[at]ksg-badminton{punkt}de Vereinsanschrift: KSG Gerlingen e.V.Beim Br\u00fcckentor 2170839 Gerlingen Telefon und Fax +49 71 56-177 4976E-Mail: info[at]ksg-gerlingen{punkt}deInternet: www.ksg-gerlingen.de Vertretungsberechtigter Vorstand: Sabine Wahl (1. Vorsitzende) Registergericht:&#8230;<\/p>\n","protected":false},"author":1,"featured_media":0,"parent":0,"menu_order":0,"comment_status":"closed","ping_status":"closed","template":"","meta":{"footnotes":""},"ppma_author":[13],"class_list":["post-10","page","type-page","status-publish","hentry"],"_links":{"self":[{"href":"https:\/\/www.ksg-badminton.de\/Badminton\/wp-json\/wp\/v2\/pages\/10","targetHints":{"allow":["GET"]}}],"collection":[{"href":"https:\/\/www.ksg-badminton.de\/Badminton\/wp-json\/wp\/v2\/pages"}],"about":[{"href":"https:\/\/www.ksg-badminton.de\/Badminton\/wp-json\/wp\/v2\/types\/page"}],"author":[{"embeddable":true,"href":"https:\/\/www.ksg-badminton.de\/Badminton\/wp-json\/wp\/v2\/users\/1"}],"replies":[{"embeddable":true,"href":"https:\/\/www.ksg-badminton.de\/Badminton\/wp-json\/wp\/v2\/comments?post=10"}],"version-history":[{"count":5,"href":"https:\/\/www.ksg-badminton.de\/Badminton\/wp-json\/wp\/v2\/pages\/10\/revisions"}],"predecessor-version":[{"id":1113,"href":"https:\/\/www.ksg-badminton.de\/Badminton\/wp-json\/wp\/v2\/pages\/10\/revisions\/1113"}],"wp:attachment":[{"href":"https:\/\/www.ksg-badminton.de\/Badminton\/wp-json\/wp\/v2\/media?parent=10"}],"wp:term":[{"taxonomy":"author","embeddable":true,"href":"https:\/\/www.ksg-badminton.de\/Badminton\/wp-json\/wp\/v2\/ppma_author?post=10"}],"curies":[{"name":"wp","href":"https:\/\/api.w.org\/{rel}","templated":true}]}}